{"id":66,"date":"2020-04-27T15:20:24","date_gmt":"2020-04-27T13:20:24","guid":{"rendered":"https:\/\/www.marc-hofer.de\/?page_id=66"},"modified":"2025-12-01T22:03:08","modified_gmt":"2025-12-01T21:03:08","slug":"startseite","status":"publish","type":"page","link":"https:\/\/www.marc-hofer.de\/","title":{"rendered":"Startseite"},"content":{"rendered":"<p>[et_pb_section fb_built=&#8220;1&#8243; admin_label=&#8220;Hero&#8220; _builder_version=&#8220;4.16&#8243; _dynamic_attributes=&#8220;link_option_url&#8220; custom_padding=&#8220;0px|0px|0px|0px&#8220; animation_style=&#8220;zoom&#8220; animation_intensity_zoom=&#8220;4%&#8220; link_option_url=&#8220;@ET-DC@eyJkeW5hbWljIjp0cnVlLCJjb250ZW50IjoicG9zdF9saW5rX3VybF9wYWdlIiwic2V0dGluZ3MiOnsicG9zdF9pZCI6IjQzMiJ9fQ==@&#8220; global_colors_info=&#8220;{}&#8220;][et_pb_row _builder_version=&#8220;4.16&#8243; width=&#8220;100%&#8220; custom_padding=&#8220;0px||0px||false|false&#8220; global_colors_info=&#8220;{}&#8220;][et_pb_column type=&#8220;4_4&#8243; _builder_version=&#8220;4.16&#8243; global_colors_info=&#8220;{}&#8220;][et_pb_slider _builder_version=&#8220;4.27.4&#8243; background_enable_image=&#8220;off&#8220; background_position=&#8220;top_center&#8220; custom_button=&#8220;on&#8220; button_bg_color=&#8220;#287ab4&#8243; button_icon=&#8220;&#x40;||divi||400&#8243; positioning=&#8220;none&#8220; width=&#8220;100%&#8220; global_colors_info=&#8220;{}&#8220;][et_pb_slide heading=&#8220;SAP Logistik&#8220; button_link=&#8220;@ET-DC@eyJkeW5hbWljIjp0cnVlLCJjb250ZW50IjoicG9zdF9saW5rX3VybF9wYWdlIiwic2V0dGluZ3MiOnsicG9zdF9pZCI6IjQzMiJ9fQ==@&#8220; heading_last_edited=&#8220;off|desktop&#8220; content_tablet=&#8220;&#8220; content_phone=&#8220;&#8220; content_last_edited=&#8220;on|phone&#8220; _builder_version=&#8220;4.27.4&#8243; _dynamic_attributes=&#8220;button_link&#8220; body_font_size=&#8220;26px&#8220; background_enable_color=&#8220;off&#8220; background_image=&#8220;https:\/\/www.marc-hofer.de\/wp-content\/uploads\/2025\/09\/hafen-scaled.jpg&#8220; background_enable_image=&#8220;on&#8220; custom_button=&#8220;on&#8220; button_bg_color=&#8220;rgba(40,122,180,0.74)&#8220; button_border_color=&#8220;rgba(0,0,0,0)&#8220; button_use_icon=&#8220;off&#8220; button_alignment=&#8220;left&#8220; button_custom_margin=&#8220;||||false|false&#8220; button_custom_padding=&#8220;||||false|false&#8220; background_last_edited=&#8220;on|tablet&#8220; background_position_phone=&#8220;top_left&#8220; custom_css_slide_description=&#8220;text-align: left; padding-top: 3% !important; padding-bottom: 27% !important;&#8220; global_colors_info=&#8220;{}&#8220; sticky_transition=&#8220;on&#8220;]<\/p>\n<h1><span style=\"background-color: black;\"><\/span><\/h1>\n<h1><span style=\"background-color: black;\">F\u00fcr mehr Effizienz.<\/span><\/h1>\n<p>[\/et_pb_slide][\/et_pb_slider][\/et_pb_column][\/et_pb_row][\/et_pb_section][et_pb_section fb_built=&#8220;1&#8243; _builder_version=&#8220;4.16&#8243; min_height=&#8220;332px&#8220; custom_padding=&#8220;10px||||false|false&#8220; global_colors_info=&#8220;{}&#8220;][et_pb_row _builder_version=&#8220;4.16&#8243; global_colors_info=&#8220;{}&#8220;][et_pb_column type=&#8220;4_4&#8243; _builder_version=&#8220;4.16&#8243; global_colors_info=&#8220;{}&#8220;][et_pb_text _builder_version=&#8220;4.16&#8243; global_colors_info=&#8220;{}&#8220;]<\/p>\n<h1 style=\"text-align: center;\">Von der Idee<\/h1>\n<h1 style=\"text-align: center;\">bis zum Go-Live<\/h1>\n<p>[\/et_pb_text][et_pb_testimonial author=&#8220;Marc Hofer&#8220; job_title=&#8220;Softwareentwickler&#8220; portrait_url=&#8220;https:\/\/www.marc-hofer.de\/wp-content\/uploads\/2025\/09\/marc-hofer.webp&#8220; _builder_version=&#8220;4.27.4&#8243; body_font=&#8220;Adihaus Regular||||||||&#8220; author_font_size=&#8220;16px&#8220; position_font_size=&#8220;16px&#8220; custom_css_testimonial_portrait=&#8220;background-position: 70% 50%;&#8220; global_colors_info=&#8220;{}&#8220;]<\/p>\n<h4 style=\"line-height: 150%; text-align: justify;\">Sie suchen, SAP-Beratung und Entwicklung aus einer Hand? Ich begleite Ihre Idee von der Planung \u00fcber die Programmierung bis hin zum Go-Live. Auch anschlie\u00dfend erhalten Sie selbstverst\u00e4ndlich Unterst\u00fctzung bei Fragen, Anpassungen und Support.\u00a0F\u00fcr umfangreichere Vorhaben arbeite ich mit einem zuverl\u00e4ssigen Netzwerk an erfahrenen Partnern zusammen.<\/h4>\n<p>[\/et_pb_testimonial][\/et_pb_column][\/et_pb_row][\/et_pb_section][et_pb_section fb_built=&#8220;1&#8243; _builder_version=&#8220;4.16&#8243; min_height=&#8220;501px&#8220; custom_padding=&#8220;0px||||false|false&#8220; global_colors_info=&#8220;{}&#8220;][et_pb_row column_structure=&#8220;1_3,1_3,1_3&#8243; use_custom_gutter=&#8220;on&#8220; gutter_width=&#8220;2&#8243; make_equal=&#8220;on&#8220; _builder_version=&#8220;4.16&#8243; global_colors_info=&#8220;{}&#8220;][et_pb_column type=&#8220;1_3&#8243; _builder_version=&#8220;4.16&#8243; background_color=&#8220;#1cacec&#8220; custom_padding=&#8220;10px|5px|10px|5px|false|false&#8220; border_radii=&#8220;on|5px|5px|5px|5px&#8220; global_colors_info=&#8220;{}&#8220;][et_pb_blurb title=&#8220;Prozesse &#038; Technologien&#8220; image=&#8220;https:\/\/www.marc-hofer.de\/wp-content\/uploads\/2020\/05\/reaktionsschnell_128.png&#8220; _builder_version=&#8220;4.16&#8243; header_level=&#8220;h2&#8243; header_font=&#8220;Adihaus Regular||||||||&#8220; header_text_align=&#8220;center&#8220; body_font=&#8220;Adihaus Regular||||||||&#8220; background_layout=&#8220;dark&#8220; custom_padding=&#8220;10px|30px|10px|30px|true|true&#8220; border_radii=&#8220;on|5px|5px|5px|5px&#8220; global_colors_info=&#8220;{}&#8220;]<\/p>\n<h5>&nbsp;<\/h5>\n<h5 style=\"line-height: 150%; text-align: justify;\">Die Basis meiner Arbeit bildet das Know-How \u00fcber Prozesse und den optimalen Technologien. Diese f\u00fcgen sich nahtlos in Ihre bestehenden Landschaften ein.<\/h5>\n<p>[\/et_pb_blurb][\/et_pb_column][et_pb_column type=&#8220;1_3&#8243; _builder_version=&#8220;4.16&#8243; background_color=&#8220;#2c3ca4&#8243; background_enable_image=&#8220;off&#8220; custom_padding=&#8220;10px|5px|10px|5px|true|true&#8220; border_radii=&#8220;on|5px|5px|5px|5px&#8220; global_colors_info=&#8220;{}&#8220;][et_pb_blurb title=&#8220;Agilit\u00e4t&#8220; image=&#8220;https:\/\/www.marc-hofer.de\/wp-content\/uploads\/2020\/05\/zeitleiste_128.png&#8220; _builder_version=&#8220;4.16&#8243; header_level=&#8220;h2&#8243; header_font=&#8220;Adihaus Regular||||||||&#8220; header_text_align=&#8220;center&#8220; body_font=&#8220;Adihaus Regular||||||||&#8220; body_text_align=&#8220;justify&#8220; text_orientation=&#8220;justified&#8220; background_layout=&#8220;dark&#8220; custom_padding=&#8220;10px|30px|10px|30px|true|true&#8220; border_radii=&#8220;on|5px|5px|5px|5px&#8220; global_colors_info=&#8220;{}&#8220;]<\/p>\n<h5>&nbsp;<\/h5>\n<h5 style=\"line-height: 150%; text-align: justify;\">Mittels agiler Projektmethoden wird die Software fr\u00fchzeitig und in kurzen Zeitabst\u00e4nden ausgeliefert. Dadurch k\u00f6nnen Sie flexibel auf \u00c4nderungen in Ihrem Business reagieren.<\/h5>\n<p>[\/et_pb_blurb][\/et_pb_column][et_pb_column type=&#8220;1_3&#8243; _builder_version=&#8220;4.16&#8243; background_color=&#8220;#242c3c&#8220; custom_padding=&#8220;10px|5px|10px|5px|false|false&#8220; border_radii=&#8220;on|5px|5px|5px|5px&#8220; global_colors_info=&#8220;{}&#8220;][et_pb_blurb title=&#8220;Cleverness&#8220; image=&#8220;https:\/\/www.marc-hofer.de\/wp-content\/uploads\/2020\/05\/praesentation_128.png&#8220; _builder_version=&#8220;4.16&#8243; header_level=&#8220;h2&#8243; header_font=&#8220;Adihaus Regular||||||||&#8220; header_text_align=&#8220;center&#8220; body_font=&#8220;Adihaus Regular||||||||&#8220; background_layout=&#8220;dark&#8220; custom_padding=&#8220;10px|30px|10px|30px|true|true&#8220; border_radii=&#8220;on|5px|5px|5px|5px&#8220; global_colors_info=&#8220;{}&#8220;]<\/p>\n<h5><\/h5>\n<h5 style=\"text-align: justify; line-height: 150%;\"><\/h5>\n<h5 style=\"text-align: justify; line-height: 150%;\"><\/h5>\n<h5 style=\"text-align: justify; line-height: 150%;\">Automatisieren und vereinfachen Sie Ihre Prozesse. Ich unterst\u00fctze Sie dabei, an den richtigen Punkten anzusetzen, um Ihren Business Value zu vergr\u00f6\u00dfern.<\/h5>\n<p>[\/et_pb_blurb][\/et_pb_column][\/et_pb_row][\/et_pb_section][et_pb_section fb_built=&#8220;1&#8243; _builder_version=&#8220;4.16&#8243; custom_padding=&#8220;0px||||false|false&#8220; global_colors_info=&#8220;{}&#8220;][et_pb_row column_structure=&#8220;1_2,1_2&#8243; use_custom_gutter=&#8220;on&#8220; gutter_width=&#8220;2&#8243; make_equal=&#8220;on&#8220; _builder_version=&#8220;4.16&#8243; min_height=&#8220;321px&#8220; custom_padding=&#8220;|||19px||&#8220; global_colors_info=&#8220;{}&#8220;][et_pb_column type=&#8220;1_2&#8243; _builder_version=&#8220;4.16&#8243; background_enable_image=&#8220;off&#8220; background_size=&#8220;contain&#8220; background_last_edited=&#8220;on|desktop&#8220; background_enable_image_tablet=&#8220;off&#8220; global_colors_info=&#8220;{}&#8220;][et_pb_text content_last_edited=&#8220;off|desktop&#8220; _builder_version=&#8220;4.16&#8243; text_font_size=&#8220;18px&#8220; header_4_font_size=&#8220;24px&#8220; custom_margin=&#8220;||||false|false&#8220; custom_padding=&#8220;||||false|false&#8220; global_colors_info=&#8220;{}&#8220;]<\/p>\n<h4>Anschrift<\/h4>\n<p>Marc Hofer<br \/>\nHofackerstra\u00dfe 89<br \/>\n79110 Freiburg im Breisgau<\/p>\n<h4>Telefon<\/h4>\n<p><a href=\"tel:+4915165037211\">+49 151 650 37 211<\/a><\/p>\n<h4>E-Mail<\/h4>\n<p><a href=\"mailto:info@marc-hofer.de\">info@marc-hofer.de<\/a>[\/et_pb_text][\/et_pb_column][et_pb_column type=&#8220;1_2&#8243; _builder_version=&#8220;4.16&#8243; global_colors_info=&#8220;{}&#8220;][\/et_pb_column][\/et_pb_row][\/et_pb_section]<\/p>\n","protected":false},"excerpt":{"rendered":"<p>F\u00fcr mehr Effizienz.Von der Idee bis zum Go-LiveSie suchen, SAP-Beratung und Entwicklung aus einer Hand? Ich begleite Ihre Idee von der Planung \u00fcber die Programmierung bis hin zum Go-Live. Auch anschlie\u00dfend erhalten Sie selbstverst\u00e4ndlich Unterst\u00fctzung bei Fragen, Anpassungen und Support.\u00a0F\u00fcr umfangreichere Vorhaben arbeite ich mit einem zuverl\u00e4ssigen Netzwerk an erfahrenen Partnern zusammen.&nbsp; Die Basis meiner [&hellip;]<\/p>\n","protected":false},"author":1,"featured_media":0,"parent":0,"menu_order":0,"comment_status":"closed","ping_status":"open","template":"","meta":{"_et_pb_use_builder":"on","_et_pb_old_content":"[et_pb_section fb_built=\"1\" admin_label=\"Hero\" _builder_version=\"4.4.4\" _dynamic_attributes=\"link_option_url\" custom_padding=\"0px|0px|0px|0px\" animation_style=\"zoom\" animation_intensity_zoom=\"4%\" link_option_url=\"@ET-DC@eyJkeW5hbWljIjp0cnVlLCJjb250ZW50IjoicG9zdF9saW5rX3VybF9wYWdlIiwic2V0dGluZ3MiOnsicG9zdF9pZCI6IjQzMiJ9fQ==@\"][et_pb_row _builder_version=\"4.4.4\" width=\"100%\" custom_padding=\"0px||0px||false|false\"][et_pb_column type=\"4_4\" _builder_version=\"4.4.4\"][et_pb_slider _builder_version=\"4.4.4\" background_enable_image=\"off\" background_position=\"top_center\" custom_button=\"on\" button_bg_color=\"#287ab4\" button_icon=\"%%31%%\" positioning=\"none\" width=\"100%\" hover_enabled=\"0\"][et_pb_slide heading=\"SAP Logistik\" button_link=\"@ET-DC@eyJkeW5hbWljIjp0cnVlLCJjb250ZW50IjoicG9zdF9saW5rX3VybF9wYWdlIiwic2V0dGluZ3MiOnsicG9zdF9pZCI6IjQzMiJ9fQ==@\" heading_last_edited=\"off|desktop\" content_tablet=\"\" content_phone=\"\" content_last_edited=\"on|phone\" _builder_version=\"4.4.4\" _dynamic_attributes=\"button_link\" body_font_size=\"26px\" background_image=\"https:\/\/www.marc-hofer.de\/wp-content\/uploads\/2020\/05\/hafen_4000_cut-scaled.jpg\" background_enable_image=\"on\" custom_button=\"on\" button_bg_color=\"rgba(40,122,180,0.74)\" button_border_color=\"rgba(0,0,0,0)\" button_use_icon=\"off\" button_alignment=\"left\" button_custom_margin=\"||||false|false\" button_custom_padding=\"||||false|false\" hover_enabled=\"0\" background_last_edited=\"on|tablet\" background_position_phone=\"top_left\" custom_css_slide_description=\"text-align: left; padding-top: 3% !important; padding-bottom: 27% !important;\"]\n<h1><span style=\"background-color: black;\"><\/span><\/h1>\n<h1><span style=\"background-color: black\">F\u00fcr mehr Effizienz.<\/span><\/h1>\n[\/et_pb_slide][\/et_pb_slider][\/et_pb_column][\/et_pb_row][\/et_pb_section][et_pb_section fb_built=\"1\" _builder_version=\"4.4.4\" min_height=\"332px\" custom_padding=\"10px||||false|false\"][et_pb_row _builder_version=\"4.4.4\"][et_pb_column type=\"4_4\" _builder_version=\"4.4.4\"][et_pb_text _builder_version=\"4.4.4\"]\n<h1 style=\"text-align: center;\">Von der Idee<\/h1>\n<h1 style=\"text-align: center;\">bis zum Go-Live<\/h1>\n[\/et_pb_text][et_pb_testimonial author=\"Marc Hofer\" job_title=\"Softwareentwickler\" portrait_url=\"https:\/\/www.marc-hofer.de\/wp-content\/uploads\/2020\/05\/marc.png\" _builder_version=\"4.4.4\" body_font=\"Adihaus Regular||||||||\" author_font_size=\"16px\" position_font_size=\"16px\"]\n<h4 style=\"line-height: 150%; text-align: justify;\">Sie suchen, SAP-Beratung und Entwicklung aus einer Hand? Ich begleite Ihre Idee von der Planung \u00fcber die Programmierung bis hin zum Go-Live. Auch anschlie\u00dfend erhalten Sie selbstverst\u00e4ndlich Unterst\u00fctzung bei Fragen, Anpassungen und Support.&nbsp;F\u00fcr umfangreichere Vorhaben arbeite ich mit einem zuverl\u00e4ssigen Netzwerk an erfahrenen Partnern zusammen.<\/h4>\n[\/et_pb_testimonial][\/et_pb_column][\/et_pb_row][\/et_pb_section][et_pb_section fb_built=\"1\" _builder_version=\"4.4.4\" min_height=\"501px\" custom_padding=\"0px||||false|false\"][et_pb_row column_structure=\"1_3,1_3,1_3\" use_custom_gutter=\"on\" gutter_width=\"2\" make_equal=\"on\" _builder_version=\"4.4.4\"][et_pb_column type=\"1_3\" _builder_version=\"4.4.4\" background_color=\"#1cacec\" custom_padding=\"10px|5px|10px|5px|false|false\" border_radii=\"on|5px|5px|5px|5px\"][et_pb_blurb title=\"Prozesse &amp; Technologien\" image=\"https:\/\/www.marc-hofer.de\/wp-content\/uploads\/2020\/05\/reaktionsschnell_128.png\" _builder_version=\"4.4.4\" header_level=\"h2\" header_font=\"Adihaus Regular||||||||\" header_text_align=\"center\" body_font=\"Adihaus Regular||||||||\" background_layout=\"dark\" custom_padding=\"10px|30px|10px|30px|true|true\" border_radii=\"on|5px|5px|5px|5px\"]\n<h5>&nbsp;<\/h5>\n<h5 style=\"line-height: 150%; text-align: justify;\">Die Basis meiner Arbeit bildet das Know-How \u00fcber Prozesse und den optimalen Technologien. Diese f\u00fcgen sich nahtlos in Ihre bestehenden Landschaften ein.<\/h5>\n[\/et_pb_blurb][\/et_pb_column][et_pb_column type=\"1_3\" _builder_version=\"4.4.4\" background_color=\"#2c3ca4\" background_enable_image=\"off\" custom_padding=\"10px|5px|10px|5px|true|true\" border_radii=\"on|5px|5px|5px|5px\"][et_pb_blurb title=\"Agilit\u00e4t\" image=\"https:\/\/www.marc-hofer.de\/wp-content\/uploads\/2020\/05\/zeitleiste_128.png\" _builder_version=\"4.4.4\" header_level=\"h2\" header_font=\"Adihaus Regular||||||||\" header_text_align=\"center\" body_font=\"Adihaus Regular||||||||\" body_text_align=\"justify\" text_orientation=\"justified\" background_layout=\"dark\" custom_padding=\"10px|30px|10px|30px|true|true\" border_radii=\"on|5px|5px|5px|5px\"]\n<h5>&nbsp;<\/h5>\n<h5 style=\"line-height: 150%; text-align: justify;\">Mittels agiler Projektmethoden wird die Software fr\u00fchzeitig und in kurzen Zeitabst\u00e4nden ausgeliefert. Dadurch k\u00f6nnen Sie flexibel auf \u00c4nderungen in Ihrem Business reagieren.<\/h5>\n[\/et_pb_blurb][\/et_pb_column][et_pb_column type=\"1_3\" _builder_version=\"4.4.4\" background_color=\"#242c3c\" custom_padding=\"10px|5px|10px|5px|false|false\" border_radii=\"on|5px|5px|5px|5px\"][et_pb_blurb title=\"Cleverness\" image=\"https:\/\/www.marc-hofer.de\/wp-content\/uploads\/2020\/05\/praesentation_128.png\" _builder_version=\"4.4.4\" header_level=\"h2\" header_font=\"Adihaus Regular||||||||\" header_text_align=\"center\" body_font=\"Adihaus Regular||||||||\" background_layout=\"dark\" custom_padding=\"10px|30px|10px|30px|true|true\" border_radii=\"on|5px|5px|5px|5px\"]\n<h5><\/h5>\n<h5 style=\"text-align: justify; line-height: 150%;\"><\/h5>\n<h5 style=\"text-align: justify; line-height: 150%;\"><\/h5>\n<h5 style=\"text-align: justify; line-height: 150%;\">Automatisieren und vereinfachen Sie Ihre Prozesse. Ich unterst\u00fctze Sie dabei, an den richtigen Punkten anzusetzen, um Ihren Business Value zu vergr\u00f6\u00dfern.<\/h5>\n[\/et_pb_blurb][\/et_pb_column][\/et_pb_row][\/et_pb_section][et_pb_section fb_built=\"1\" _builder_version=\"4.4.4\" custom_padding=\"0px||||false|false\"][et_pb_row column_structure=\"1_2,1_2\" use_custom_gutter=\"on\" gutter_width=\"2\" make_equal=\"on\" _builder_version=\"4.4.4\" min_height=\"321px\" custom_padding=\"|||19px||\"][et_pb_column type=\"1_2\" _builder_version=\"4.4.4\" background_enable_image=\"off\" background_size=\"contain\" background_last_edited=\"on|desktop\" background_enable_image_tablet=\"off\"][et_pb_text content_tablet=\"\n<h4>Anschrift<\/h4>\nMarc Hofer\nHofackerstra\u00dfe 89\n79110 Freiburg im Breisgau\n<h4>Telefon<\/h4>\n<a href=\"%22tel:+4915165037211%22\">+49 151 650 37 211<\/a>\n<h4>E-Mail<\/h4>\n<a href=\"%22mailto:info@marc-hofer.de%22\">info@marc-hofer.de<\/a>\n\n\" content_last_edited=\"off|desktop\" _builder_version=\"4.4.4\" text_font_size=\"18px\" header_4_font_size=\"24px\" custom_margin=\"||||false|false\" custom_padding=\"||||false|false\"]\n<h4>Anschrift<\/h4>\nMarc Hofer\nHofackerstra\u00dfe 89\n79110 Freiburg im Breisgau\n<h4>Telefon<\/h4>\n<a href=\"tel:+4915165037211\">+49 151 650 37 211<\/a>\n<h4>E-Mail<\/h4>\n<a href=\"mailto:info@marc-hofer.de\">info@marc-hofer.de<\/a>\n\n[\/et_pb_text][\/et_pb_column][et_pb_column type=\"1_2\" _builder_version=\"4.4.4\"][et_pb_contact_form title=\"Kontakt\" _builder_version=\"4.4.4\" title_font=\"Adihaus Regular||||||||\" captcha_font=\"Adihaus Regular||||||||\" form_field_font=\"Adihaus Regular||||||||\" custom_button=\"on\" button_font=\"Adihaus Regular||||||||\" custom_margin=\"||||false|false\"][et_pb_contact_field field_id=\"Name\" field_title=\"Name\" _builder_version=\"3.16\" button_text_size__hover_enabled=\"off\" button_one_text_size__hover_enabled=\"off\" button_two_text_size__hover_enabled=\"off\" button_text_color__hover_enabled=\"off\" button_one_text_color__hover_enabled=\"off\" button_two_text_color__hover_enabled=\"off\" button_border_width__hover_enabled=\"off\" button_one_border_width__hover_enabled=\"off\" button_two_border_width__hover_enabled=\"off\" button_border_color__hover_enabled=\"off\" button_one_border_color__hover_enabled=\"off\" button_two_border_color__hover_enabled=\"off\" button_border_radius__hover_enabled=\"off\" button_one_border_radius__hover_enabled=\"off\" button_two_border_radius__hover_enabled=\"off\" button_letter_spacing__hover_enabled=\"off\" button_one_letter_spacing__hover_enabled=\"off\" button_two_letter_spacing__hover_enabled=\"off\" button_bg_color__hover_enabled=\"off\" button_one_bg_color__hover_enabled=\"off\" button_two_bg_color__hover_enabled=\"off\"][\/et_pb_contact_field][et_pb_contact_field field_id=\"Email\" field_title=\"E-Mail-Adresse\" field_type=\"email\" _builder_version=\"3.16\" button_text_size__hover_enabled=\"off\" button_one_text_size__hover_enabled=\"off\" button_two_text_size__hover_enabled=\"off\" button_text_color__hover_enabled=\"off\" button_one_text_color__hover_enabled=\"off\" button_two_text_color__hover_enabled=\"off\" button_border_width__hover_enabled=\"off\" button_one_border_width__hover_enabled=\"off\" button_two_border_width__hover_enabled=\"off\" button_border_color__hover_enabled=\"off\" button_one_border_color__hover_enabled=\"off\" button_two_border_color__hover_enabled=\"off\" button_border_radius__hover_enabled=\"off\" button_one_border_radius__hover_enabled=\"off\" button_two_border_radius__hover_enabled=\"off\" button_letter_spacing__hover_enabled=\"off\" button_one_letter_spacing__hover_enabled=\"off\" button_two_letter_spacing__hover_enabled=\"off\" button_bg_color__hover_enabled=\"off\" button_one_bg_color__hover_enabled=\"off\" button_two_bg_color__hover_enabled=\"off\"][\/et_pb_contact_field][et_pb_contact_field field_id=\"Message\" field_title=\"Nachricht\" field_type=\"text\" fullwidth_field=\"on\" _builder_version=\"3.16\" button_text_size__hover_enabled=\"off\" button_one_text_size__hover_enabled=\"off\" button_two_text_size__hover_enabled=\"off\" button_text_color__hover_enabled=\"off\" button_one_text_color__hover_enabled=\"off\" button_two_text_color__hover_enabled=\"off\" button_border_width__hover_enabled=\"off\" button_one_border_width__hover_enabled=\"off\" button_two_border_width__hover_enabled=\"off\" button_border_color__hover_enabled=\"off\" button_one_border_color__hover_enabled=\"off\" button_two_border_color__hover_enabled=\"off\" button_border_radius__hover_enabled=\"off\" button_one_border_radius__hover_enabled=\"off\" button_two_border_radius__hover_enabled=\"off\" button_letter_spacing__hover_enabled=\"off\" button_one_letter_spacing__hover_enabled=\"off\" button_two_letter_spacing__hover_enabled=\"off\" button_bg_color__hover_enabled=\"off\" button_one_bg_color__hover_enabled=\"off\" button_two_bg_color__hover_enabled=\"off\"][\/et_pb_contact_field][\/et_pb_contact_form][\/et_pb_column][\/et_pb_row][\/et_pb_section]","_et_gb_content_width":"","footnotes":""},"class_list":["post-66","page","type-page","status-publish","hentry"],"_links":{"self":[{"href":"https:\/\/www.marc-hofer.de\/index.php?rest_route=\/wp\/v2\/pages\/66","targetHints":{"allow":["GET"]}}],"collection":[{"href":"https:\/\/www.marc-hofer.de\/index.php?rest_route=\/wp\/v2\/pages"}],"about":[{"href":"https:\/\/www.marc-hofer.de\/index.php?rest_route=\/wp\/v2\/types\/page"}],"author":[{"embeddable":true,"href":"https:\/\/www.marc-hofer.de\/index.php?rest_route=\/wp\/v2\/users\/1"}],"replies":[{"embeddable":true,"href":"https:\/\/www.marc-hofer.de\/index.php?rest_route=%2Fwp%2Fv2%2Fcomments&post=66"}],"version-history":[{"count":4,"href":"https:\/\/www.marc-hofer.de\/index.php?rest_route=\/wp\/v2\/pages\/66\/revisions"}],"predecessor-version":[{"id":1257,"href":"https:\/\/www.marc-hofer.de\/index.php?rest_route=\/wp\/v2\/pages\/66\/revisions\/1257"}],"wp:attachment":[{"href":"https:\/\/www.marc-hofer.de\/index.php?rest_route=%2Fwp%2Fv2%2Fmedia&parent=66"}],"curies":[{"name":"wp","href":"https:\/\/api.w.org\/{rel}","templated":true}]}}